{"id":4740,"date":"2025-02-27T14:44:01","date_gmt":"2025-02-27T12:44:01","guid":{"rendered":"https:\/\/kktc-fenerbahcelilerdernegi.org\/?page_id=4740"},"modified":"2025-07-21T17:48:15","modified_gmt":"2025-07-21T15:48:15","slug":"iletisim","status":"publish","type":"page","link":"https:\/\/kktc-fenerbahcelilerdernegi.org\/en\/iletisim\/","title":{"rendered":"\u0130LET\u0130\u015e\u0130M"},"content":{"rendered":"<div data-elementor-type=\"wp-post\" data-elementor-id=\"4740\" class=\"elementor elementor-4740\">\n\t\t\t\t\t\t<section class=\"elementor-section elementor-top-section elementor-element elementor-element-3d0d6bf elementor-section-stretched elementor-section-full_width elementor-section-height-default elementor-section-height-default elementor-invisible\" data-id=\"3d0d6bf\" data-element_type=\"section\" data-settings=\"{&quot;stretch_section&quot;:&quot;section-stretched&quot;,&quot;animation&quot;:&quot;fadeIn&quot;,&quot;animation_delay&quot;:100}\">\n\t\t\t\t\t\t<div class=\"elementor-container elementor-column-gap-no\">\n\t\t\t\t\t<div class=\"elementor-column elementor-col-100 elementor-top-column elementor-element elementor-element-78788df sc_inner_width_none sc_layouts_column_icons_position_left\" data-id=\"78788df\" data-element_type=\"column\">\n\t\t\t<div class=\"elementor-widget-wrap elementor-element-populated\">\n\t\t\t\t\t\t<div class=\"elementor-element elementor-element-4f4d20f no-border-radius sc_fly_static elementor-widget elementor-widget-trx_sc_googlemap\" data-id=\"4f4d20f\" data-element_type=\"widget\" data-widget_type=\"trx_sc_googlemap.default\">\n\t\t\t\t<div class=\"elementor-widget-container\">\n\t\t\t\t\t<div id=\"trx_sc_googlemap_435811635_wrap\" class=\"sc_googlemap_wrap\"><div id=\"trx_sc_googlemap_435811635\"\n\t\t\tclass=\"sc_googlemap sc_googlemap_default trx_addons_inline_1820977286\"\n\t\t\t\t\t\tdata-zoom=\"12\"\n\t\t\tdata-center=\"\"\n\t\t\tdata-style=\"default\"\n\t\t\tdata-cluster-icon=\"\"\n\t\t\t><iframe\n\t\t\t\t\t\tsrc=\"https:\/\/maps.google.com\/maps?t=m&output=embed&iwloc=near&z=12&q=K%C4%B1z%C4%B1lay+Sokak+%2C+K%C3%BC%C3%A7%C3%BCk+Kaymakl%C4%B1+-+Lefko%C5%9Fa+Merkez\"\n\t\t\t\t\t\taria-label=\"\"><\/iframe><\/div><\/div><!-- \/.sc_googlemap_wrap -->\t\t\t\t<\/div>\n\t\t\t\t<\/div>\n\t\t\t\t\t<\/div>\n\t\t<\/div>\n\t\t\t\t\t<\/div>\n\t\t<\/section>\n\t\t\t\t<section class=\"elementor-section elementor-top-section elementor-element elementor-element-6c29d56 elementor-section-boxed elementor-section-height-default elementor-section-height-default\" data-id=\"6c29d56\" data-element_type=\"section\">\n\t\t\t\t\t\t<div class=\"elementor-container elementor-column-gap-extended\">\n\t\t\t\t\t<div class=\"elementor-column elementor-col-100 elementor-top-column elementor-element elementor-element-051550c sc_inner_width_none sc_layouts_column_icons_position_left\" data-id=\"051550c\" data-element_type=\"column\">\n\t\t\t<div class=\"elementor-widget-wrap elementor-element-populated\">\n\t\t\t\t\t\t<div class=\"elementor-element elementor-element-9738153 sc_fly_static elementor-widget elementor-widget-spacer\" data-id=\"9738153\" data-element_type=\"widget\" data-widget_type=\"spacer.default\">\n\t\t\t\t<div class=\"elementor-widget-container\">\n\t\t\t\t\t\t\t<div class=\"elementor-spacer\">\n\t\t\t<div class=\"elementor-spacer-inner\"><\/div>\n\t\t<\/div>\n\t\t\t\t\t\t<\/div>\n\t\t\t\t<\/div>\n\t\t\t\t<div class=\"elementor-element elementor-element-606bf69 contact-style sc_fly_static elementor-invisible elementor-widget elementor-widget-trx_sc_icons\" data-id=\"606bf69\" data-element_type=\"widget\" data-settings=\"{&quot;_animation&quot;:&quot;fadeInUp&quot;}\" data-widget_type=\"trx_sc_icons.default\">\n\t\t\t\t<div class=\"elementor-widget-container\">\n\t\t\t\t\t<div id=\"trx_sc_icons_1681849698\" \n\tclass=\"sc_icons sc_icons_default sc_icons_size_large sc_align_center\"><div class=\"sc_icons_columns_wrap sc_item_columns trx_addons_columns_wrap columns_padding_bottom\"><div class=\"trx_addons_column-1_3\"><div class=\"sc_icons_item\"><div class=\"sc_icons_icon sc_icon_type_ icon-map-location\" style=\"color: #fe0000\"><span class=\"sc_icon_type_ icon-map-location\" style=\"color: #fe0000\"><\/span><\/div><div class=\"sc_icons_item_details\"><h4 class=\"sc_icons_item_title\"><span>Adres<\/span><\/h4><div class=\"sc_icons_item_description\"><span>K\u0131z\u0131lay Sokak , <\/span><span>K\u00fc\u00e7\u00fck Kaymakl\u0131 - Lefko\u015fa<\/span><\/div><\/div><\/div><\/div><div class=\"trx_addons_column-1_3\"><div class=\"sc_icons_item\"><div class=\"sc_icons_icon sc_icon_type_ icon-paper-plane\" style=\"color: #fe0000\"><span class=\"sc_icon_type_ icon-paper-plane\" style=\"color: #fe0000\"><\/span><\/div><div class=\"sc_icons_item_details\"><h4 class=\"sc_icons_item_title\"><span>E-posta<\/span><\/h4><div class=\"sc_icons_item_description\"><span><a href=\"mailto:kktcfbdernegi@gmail.com\">kktcfbdernegi@gmail.com<\/a><\/span><span><\/span><\/div><\/div><\/div><\/div><div class=\"trx_addons_column-1_3\"><div class=\"sc_icons_item\"><div class=\"sc_icons_icon sc_icon_type_ icon-smartphone\" style=\"color: #fe0000\"><span class=\"sc_icon_type_ icon-smartphone\" style=\"color: #fe0000\"><\/span><\/div><div class=\"sc_icons_item_details\"><h4 class=\"sc_icons_item_title\"><span>Telefon<\/span><\/h4><div class=\"sc_icons_item_description\"><span><a href=\"tel:+905338388787\">+90 533 838 8787<\/a><\/span><\/div><\/div><\/div><\/div><\/div><\/div><!-- \/.sc_icons -->\t\t\t\t<\/div>\n\t\t\t\t<\/div>\n\t\t\t\t<div class=\"elementor-element elementor-element-8324636 sc_height_small sc_fly_static elementor-widget elementor-widget-spacer\" data-id=\"8324636\" data-element_type=\"widget\" data-widget_type=\"spacer.default\">\n\t\t\t\t<div class=\"elementor-widget-container\">\n\t\t\t\t\t\t\t<div class=\"elementor-spacer\">\n\t\t\t<div class=\"elementor-spacer-inner\"><\/div>\n\t\t<\/div>\n\t\t\t\t\t\t<\/div>\n\t\t\t\t<\/div>\n\t\t\t\t<div class=\"elementor-element elementor-element-39d9a65 sc_fly_static elementor-widget elementor-widget-spacer\" data-id=\"39d9a65\" data-element_type=\"widget\" data-widget_type=\"spacer.default\">\n\t\t\t\t<div class=\"elementor-widget-container\">\n\t\t\t\t\t\t\t<div class=\"elementor-spacer\">\n\t\t\t<div class=\"elementor-spacer-inner\"><\/div>\n\t\t<\/div>\n\t\t\t\t\t\t<\/div>\n\t\t\t\t<\/div>\n\t\t\t\t\t<\/div>\n\t\t<\/div>\n\t\t\t\t\t<\/div>\n\t\t<\/section>\n\t\t\t\t<\/div>","protected":false},"excerpt":{"rendered":"<p>Adres K\u0131z\u0131lay Sokak , K\u00fc\u00e7\u00fck Kaymakl\u0131 &#8211; Lefko\u015fa E-posta kktcfbdernegi@gmail.com Telefon +90 533 838 8787<\/p>","protected":false},"author":1,"featured_media":0,"parent":0,"menu_order":0,"comment_status":"closed","ping_status":"closed","template":"","meta":{"_price":"","_stock":"","_tribe_ticket_header":"","_tribe_default_ticket_provider":"","_tribe_ticket_capacity":"0","_ticket_start_date":"","_ticket_end_date":"","_tribe_ticket_show_description":"","_tribe_ticket_show_not_going":false,"_tribe_ticket_use_global_stock":"","_tribe_ticket_global_stock_level":"","_global_stock_mode":"","_global_stock_cap":"","_tribe_rsvp_for_event":"","_tribe_ticket_going_count":"","_tribe_ticket_not_going_count":"","_tribe_tickets_list":"[]","_tribe_ticket_has_attendee_info_fields":false,"footnotes":"","_tec_slr_enabled":"","_tec_slr_layout":""},"class_list":["post-4740","page","type-page","status-publish","hentry"],"yoast_head":"<!-- This site is optimized with the Yoast SEO plugin v25.5 - https:\/\/yoast.com\/wordpress\/plugins\/seo\/ -->\n<title>\u0130LET\u0130\u015e\u0130M - KKTC Fenerbah\u00e7eliler Derne\u011fi<\/title>\n<meta name=\"description\" content=\"KKTC Fenerbah\u00e7eliler Derne\u011fi ileti\u015fim sayfas\u0131. Dernek adresi, telefon numaralar\u0131 ve e-posta bilgileri ile sorular\u0131n\u0131z\u0131 ve taleplerinizi bize kolayca iletebilirsiniz.\" \/>\n<meta name=\"robots\" content=\"index, follow, max-snippet:-1, max-image-preview:large, max-video-preview:-1\" \/>\n<link rel=\"canonical\" href=\"https:\/\/kktc-fenerbahcelilerdernegi.org\/en\/iletisim\/\" \/>\n<meta property=\"og:locale\" content=\"en_US\" \/>\n<meta property=\"og:type\" content=\"article\" \/>\n<meta property=\"og:title\" content=\"\u0130LET\u0130\u015e\u0130M - KKTC Fenerbah\u00e7eliler Derne\u011fi\" \/>\n<meta property=\"og:description\" content=\"KKTC Fenerbah\u00e7eliler Derne\u011fi ileti\u015fim sayfas\u0131. Dernek adresi, telefon numaralar\u0131 ve e-posta bilgileri ile sorular\u0131n\u0131z\u0131 ve taleplerinizi bize kolayca iletebilirsiniz.\" \/>\n<meta property=\"og:url\" content=\"https:\/\/kktc-fenerbahcelilerdernegi.org\/en\/iletisim\/\" \/>\n<meta property=\"og:site_name\" content=\"KKTC Fenerbah\u00e7eliler Derne\u011fi\" \/>\n<meta property=\"article:publisher\" content=\"https:\/\/www.facebook.com\/kktcfbdernek\" \/>\n<meta property=\"article:modified_time\" content=\"2025-07-21T15:48:15+00:00\" \/>\n<meta name=\"twitter:card\" content=\"summary_large_image\" \/>\n<meta name=\"twitter:label1\" content=\"Est. reading time\" \/>\n\t<meta name=\"twitter:data1\" content=\"1 minute\" \/>\n<script type=\"application\/ld+json\" class=\"yoast-schema-graph\">{\"@context\":\"https:\/\/schema.org\",\"@graph\":[{\"@type\":\"WebPage\",\"@id\":\"https:\/\/kktc-fenerbahcelilerdernegi.org\/iletisim\/\",\"url\":\"https:\/\/kktc-fenerbahcelilerdernegi.org\/iletisim\/\",\"name\":\"\u0130LET\u0130\u015e\u0130M - KKTC Fenerbah\u00e7eliler Derne\u011fi\",\"isPartOf\":{\"@id\":\"https:\/\/kktc-fenerbahcelilerdernegi.org\/#website\"},\"datePublished\":\"2025-02-27T12:44:01+00:00\",\"dateModified\":\"2025-07-21T15:48:15+00:00\",\"description\":\"KKTC Fenerbah\u00e7eliler Derne\u011fi ileti\u015fim sayfas\u0131. Dernek adresi, telefon numaralar\u0131 ve e-posta bilgileri ile sorular\u0131n\u0131z\u0131 ve taleplerinizi bize kolayca iletebilirsiniz.\",\"breadcrumb\":{\"@id\":\"https:\/\/kktc-fenerbahcelilerdernegi.org\/iletisim\/#breadcrumb\"},\"inLanguage\":\"en-US\",\"potentialAction\":[{\"@type\":\"ReadAction\",\"target\":[\"https:\/\/kktc-fenerbahcelilerdernegi.org\/iletisim\/\"]}]},{\"@type\":\"BreadcrumbList\",\"@id\":\"https:\/\/kktc-fenerbahcelilerdernegi.org\/iletisim\/#breadcrumb\",\"itemListElement\":[{\"@type\":\"ListItem\",\"position\":1,\"name\":\"Home\",\"item\":\"https:\/\/kktc-fenerbahcelilerdernegi.org\/\"},{\"@type\":\"ListItem\",\"position\":2,\"name\":\"\u0130LET\u0130\u015e\u0130M\"}]},{\"@type\":\"WebSite\",\"@id\":\"https:\/\/kktc-fenerbahcelilerdernegi.org\/#website\",\"url\":\"https:\/\/kktc-fenerbahcelilerdernegi.org\/\",\"name\":\"KKTC Fenerbah\u00e7eliler Derne\u011fi\",\"description\":\"Kuzey K\u0131br\u0131s T\u00fcrk Cumhuriyeti Fenerbah\u00e7eliler Derne\u011fi olarak, Fenerbah\u00e7e sevgisini ya\u015fat\u0131yor, taraftarlar\u0131m\u0131z\u0131 tek \u00e7at\u0131 alt\u0131nda bulu\u015fturuyoruz\",\"publisher\":{\"@id\":\"https:\/\/kktc-fenerbahcelilerdernegi.org\/#organization\"},\"potentialAction\":[{\"@type\":\"SearchAction\",\"target\":{\"@type\":\"EntryPoint\",\"urlTemplate\":\"https:\/\/kktc-fenerbahcelilerdernegi.org\/?s={search_term_string}\"},\"query-input\":{\"@type\":\"PropertyValueSpecification\",\"valueRequired\":true,\"valueName\":\"search_term_string\"}}],\"inLanguage\":\"en-US\"},{\"@type\":\"Organization\",\"@id\":\"https:\/\/kktc-fenerbahcelilerdernegi.org\/#organization\",\"name\":\"KKTC Fenerbah\u00e7eliler Derne\u011fi\",\"url\":\"https:\/\/kktc-fenerbahcelilerdernegi.org\/\",\"logo\":{\"@type\":\"ImageObject\",\"inLanguage\":\"en-US\",\"@id\":\"https:\/\/kktc-fenerbahcelilerdernegi.org\/#\/schema\/logo\/image\/\",\"url\":\"https:\/\/kktc-fenerbahcelilerdernegi.org\/wp-content\/uploads\/2025\/02\/logo_233x56.png\",\"contentUrl\":\"https:\/\/kktc-fenerbahcelilerdernegi.org\/wp-content\/uploads\/2025\/02\/logo_233x56.png\",\"width\":233,\"height\":56,\"caption\":\"KKTC Fenerbah\u00e7eliler Derne\u011fi\"},\"image\":{\"@id\":\"https:\/\/kktc-fenerbahcelilerdernegi.org\/#\/schema\/logo\/image\/\"},\"sameAs\":[\"https:\/\/www.facebook.com\/kktcfbdernek\"]}]}<\/script>\n<!-- \/ Yoast SEO plugin. -->","yoast_head_json":{"title":"\u0130LET\u0130\u015e\u0130M - KKTC Fenerbah\u00e7eliler Derne\u011fi","description":"KKTC Fenerbah\u00e7eliler Derne\u011fi ileti\u015fim sayfas\u0131. Dernek adresi, telefon numaralar\u0131 ve e-posta bilgileri ile sorular\u0131n\u0131z\u0131 ve taleplerinizi bize kolayca iletebilirsiniz.","robots":{"index":"index","follow":"follow","max-snippet":"max-snippet:-1","max-image-preview":"max-image-preview:large","max-video-preview":"max-video-preview:-1"},"canonical":"https:\/\/kktc-fenerbahcelilerdernegi.org\/en\/iletisim\/","og_locale":"en_US","og_type":"article","og_title":"\u0130LET\u0130\u015e\u0130M - KKTC Fenerbah\u00e7eliler Derne\u011fi","og_description":"KKTC Fenerbah\u00e7eliler Derne\u011fi ileti\u015fim sayfas\u0131. Dernek adresi, telefon numaralar\u0131 ve e-posta bilgileri ile sorular\u0131n\u0131z\u0131 ve taleplerinizi bize kolayca iletebilirsiniz.","og_url":"https:\/\/kktc-fenerbahcelilerdernegi.org\/en\/iletisim\/","og_site_name":"KKTC Fenerbah\u00e7eliler Derne\u011fi","article_publisher":"https:\/\/www.facebook.com\/kktcfbdernek","article_modified_time":"2025-07-21T15:48:15+00:00","twitter_card":"summary_large_image","twitter_misc":{"Est. reading time":"1 minute"},"schema":{"@context":"https:\/\/schema.org","@graph":[{"@type":"WebPage","@id":"https:\/\/kktc-fenerbahcelilerdernegi.org\/iletisim\/","url":"https:\/\/kktc-fenerbahcelilerdernegi.org\/iletisim\/","name":"\u0130LET\u0130\u015e\u0130M - KKTC Fenerbah\u00e7eliler Derne\u011fi","isPartOf":{"@id":"https:\/\/kktc-fenerbahcelilerdernegi.org\/#website"},"datePublished":"2025-02-27T12:44:01+00:00","dateModified":"2025-07-21T15:48:15+00:00","description":"KKTC Fenerbah\u00e7eliler Derne\u011fi ileti\u015fim sayfas\u0131. Dernek adresi, telefon numaralar\u0131 ve e-posta bilgileri ile sorular\u0131n\u0131z\u0131 ve taleplerinizi bize kolayca iletebilirsiniz.","breadcrumb":{"@id":"https:\/\/kktc-fenerbahcelilerdernegi.org\/iletisim\/#breadcrumb"},"inLanguage":"en-US","potentialAction":[{"@type":"ReadAction","target":["https:\/\/kktc-fenerbahcelilerdernegi.org\/iletisim\/"]}]},{"@type":"BreadcrumbList","@id":"https:\/\/kktc-fenerbahcelilerdernegi.org\/iletisim\/#breadcrumb","itemListElement":[{"@type":"ListItem","position":1,"name":"Home","item":"https:\/\/kktc-fenerbahcelilerdernegi.org\/"},{"@type":"ListItem","position":2,"name":"\u0130LET\u0130\u015e\u0130M"}]},{"@type":"WebSite","@id":"https:\/\/kktc-fenerbahcelilerdernegi.org\/#website","url":"https:\/\/kktc-fenerbahcelilerdernegi.org\/","name":"KKTC Fenerbah\u00e7eliler Derne\u011fi","description":"Kuzey K\u0131br\u0131s T\u00fcrk Cumhuriyeti Fenerbah\u00e7eliler Derne\u011fi olarak, Fenerbah\u00e7e sevgisini ya\u015fat\u0131yor, taraftarlar\u0131m\u0131z\u0131 tek \u00e7at\u0131 alt\u0131nda bulu\u015fturuyoruz","publisher":{"@id":"https:\/\/kktc-fenerbahcelilerdernegi.org\/#organization"},"potentialAction":[{"@type":"SearchAction","target":{"@type":"EntryPoint","urlTemplate":"https:\/\/kktc-fenerbahcelilerdernegi.org\/?s={search_term_string}"},"query-input":{"@type":"PropertyValueSpecification","valueRequired":true,"valueName":"search_term_string"}}],"inLanguage":"en-US"},{"@type":"Organization","@id":"https:\/\/kktc-fenerbahcelilerdernegi.org\/#organization","name":"KKTC Fenerbah\u00e7eliler Derne\u011fi","url":"https:\/\/kktc-fenerbahcelilerdernegi.org\/","logo":{"@type":"ImageObject","inLanguage":"en-US","@id":"https:\/\/kktc-fenerbahcelilerdernegi.org\/#\/schema\/logo\/image\/","url":"https:\/\/kktc-fenerbahcelilerdernegi.org\/wp-content\/uploads\/2025\/02\/logo_233x56.png","contentUrl":"https:\/\/kktc-fenerbahcelilerdernegi.org\/wp-content\/uploads\/2025\/02\/logo_233x56.png","width":233,"height":56,"caption":"KKTC Fenerbah\u00e7eliler Derne\u011fi"},"image":{"@id":"https:\/\/kktc-fenerbahcelilerdernegi.org\/#\/schema\/logo\/image\/"},"sameAs":["https:\/\/www.facebook.com\/kktcfbdernek"]}]}},"ticketed":false,"_links":{"self":[{"href":"https:\/\/kktc-fenerbahcelilerdernegi.org\/en\/wp-json\/wp\/v2\/pages\/4740","targetHints":{"allow":["GET"]}}],"collection":[{"href":"https:\/\/kktc-fenerbahcelilerdernegi.org\/en\/wp-json\/wp\/v2\/pages"}],"about":[{"href":"https:\/\/kktc-fenerbahcelilerdernegi.org\/en\/wp-json\/wp\/v2\/types\/page"}],"author":[{"embeddable":true,"href":"https:\/\/kktc-fenerbahcelilerdernegi.org\/en\/wp-json\/wp\/v2\/users\/1"}],"replies":[{"embeddable":true,"href":"https:\/\/kktc-fenerbahcelilerdernegi.org\/en\/wp-json\/wp\/v2\/comments?post=4740"}],"version-history":[{"count":7,"href":"https:\/\/kktc-fenerbahcelilerdernegi.org\/en\/wp-json\/wp\/v2\/pages\/4740\/revisions"}],"predecessor-version":[{"id":4990,"href":"https:\/\/kktc-fenerbahcelilerdernegi.org\/en\/wp-json\/wp\/v2\/pages\/4740\/revisions\/4990"}],"wp:attachment":[{"href":"https:\/\/kktc-fenerbahcelilerdernegi.org\/en\/wp-json\/wp\/v2\/media?parent=4740"}],"curies":[{"name":"wp","href":"https:\/\/api.w.org\/{rel}","templated":true}]}}